{"id":49,"date":"2026-04-20T09:32:33","date_gmt":"2026-04-20T09:32:33","guid":{"rendered":"https:\/\/www.ml-webdienst.de\/friseur\/?page_id=49"},"modified":"2026-04-23T09:08:20","modified_gmt":"2026-04-23T09:08:20","slug":"service-preise","status":"publish","type":"page","link":"https:\/\/www.ml-webdienst.de\/friseur\/service-preise\/","title":{"rendered":"Service &#038; Preise"},"content":{"rendered":"<div class=\"et_pb_section_0 et_pb_section et_section_specialty et_pb_gutters3 et_block_section\"><div class=\"et_pb_row et_block_row\">\n<div class=\"et_pb_column_0 et_pb_column et_pb_column_single et_pb_column_1_2 et_block_column et_pb_css_mix_blend_mode_passthrough\">\n<div class=\"et_pb_text_0 et_pb_text et_pb_bg_layout_light et_pb_module et_block_module preset--module--divi-text--c16985e1-e0d6-4022-964d-e2bfc04fa633\"><div class=\"et_pb_text_inner\"><h1>Service &amp; Preise<\/h1>\n<\/div><\/div>\n\n<div class=\"et_pb_text_1 et_pb_text et_pb_bg_layout_light et_pb_module et_block_module preset--module--divi-text--1f09816e-184e-4ce5-a4cf-b39c52c423ca\"><div class=\"et_pb_text_inner\"><p>Entdecke exklusive Friseurleistungen, individuell abgestimmt auf deinen Stil und deine Pers\u00f6nlichkeit. Transparente Preise und h\u00f6chste Qualit\u00e4t f\u00fcr ein luxuri\u00f6ses Salonerlebnis.<\/p>\n<\/div><\/div>\n\n<div class=\"et_pb_module et_pb_button_module_wrapper et_pb_button_0_wrapper preset--module--divi-button--31b4f027-aaa0-4f2f-ae02-959764e19e4f_wrapper\"><a class=\"et_pb_button_0 et_pb_button et_pb_bg_layout_light et_pb_module et_block_module preset--module--divi-button--31b4f027-aaa0-4f2f-ae02-959764e19e4f\" href=\"\/friseur\/kontakt\">Jetzt Termin vereinbaren<\/a><\/div>\n\n<div class=\"et_pb_image_0 et_pb_image et_pb_module et_flex_module\"><span class=\"et_pb_image_wrap\"><img loading=\"lazy\" decoding=\"async\" src=\"https:\/\/www.ml-webdienst.de\/friseur\/wp-content\/uploads\/2026\/04\/friseur_bild6-300x200.jpg\" title=\"friseur_bild6\" width=\"300\" height=\"200\" srcset=\"https:\/\/www.ml-webdienst.de\/friseur\/wp-content\/uploads\/2026\/04\/friseur_bild6-300x200.jpg 300w\" class=\"wp-image-122\" \/><\/span><\/div>\n<\/div>\n\n<div class=\"et_pb_column_1 et_pb_column et_pb_specialty_column et_pb_column_1_2 et-last-child et_block_column et_pb_css_mix_blend_mode_passthrough\">\n<div class=\"et_pb_row_inner_0 et_pb_row_inner et_block_row\">\n<div class=\"et_pb_column_inner_0 et_pb_column_inner et_pb_column et_pb_column_1_6 et_block_column et_pb_css_mix_blend_mode_passthrough\">\n<div class=\"et_pb_image_1 et_pb_image et_pb_module et_block_module\"><span class=\"et_pb_image_wrap\"><img loading=\"lazy\" decoding=\"async\" src=\"https:\/\/www.ml-webdienst.de\/friseur\/wp-content\/uploads\/2026\/04\/hair-salon-9.jpg\" width=\"800\" height=\"2135\" srcset=\"https:\/\/www.ml-webdienst.de\/friseur\/wp-content\/uploads\/2026\/04\/hair-salon-9.jpg 800w, https:\/\/www.ml-webdienst.de\/friseur\/wp-content\/uploads\/2026\/04\/hair-salon-9-480x1281.jpg 480w\" sizes=\"(min-width: 0px) and (max-width: 480px) 480px, (min-width: 481px) 800px, 100vw\" class=\"wp-image-45\" title=\"hair-salon-9\" \/><\/span><\/div>\n\n<div class=\"et_pb_image_2 et_pb_image et_pb_module et_block_module\"><span class=\"et_pb_image_wrap\"><img loading=\"lazy\" decoding=\"async\" src=\"https:\/\/www.ml-webdienst.de\/friseur\/wp-content\/uploads\/2026\/04\/hair-salon-10.jpg\" width=\"800\" height=\"800\" srcset=\"https:\/\/www.ml-webdienst.de\/friseur\/wp-content\/uploads\/2026\/04\/hair-salon-10.jpg 800w, https:\/\/www.ml-webdienst.de\/friseur\/wp-content\/uploads\/2026\/04\/hair-salon-10-480x480.jpg 480w\" sizes=\"(min-width: 0px) and (max-width: 480px) 480px, (min-width: 481px) 800px, 100vw\" class=\"wp-image-23\" title=\"hair-salon-10\" \/><\/span><\/div>\n<\/div>\n\n<div class=\"et_pb_column_inner_1 et_pb_column_inner et_pb_column et_pb_column_1_6 et_block_column et_pb_css_mix_blend_mode_passthrough\">\n<div class=\"et_pb_image_3 et_pb_image et_pb_module et_block_module\"><span class=\"et_pb_image_wrap\"><img loading=\"lazy\" decoding=\"async\" src=\"https:\/\/www.ml-webdienst.de\/friseur\/wp-content\/uploads\/2026\/04\/hair-salon-11.jpg\" width=\"800\" height=\"800\" srcset=\"https:\/\/www.ml-webdienst.de\/friseur\/wp-content\/uploads\/2026\/04\/hair-salon-11.jpg 800w, https:\/\/www.ml-webdienst.de\/friseur\/wp-content\/uploads\/2026\/04\/hair-salon-11-480x480.jpg 480w\" sizes=\"(min-width: 0px) and (max-width: 480px) 480px, (min-width: 481px) 800px, 100vw\" class=\"wp-image-46\" title=\"hair-salon-11\" \/><\/span><\/div>\n\n<div class=\"et_pb_image_4 et_pb_image et_pb_module et_block_module\"><span class=\"et_pb_image_wrap\"><img loading=\"lazy\" decoding=\"async\" src=\"https:\/\/www.ml-webdienst.de\/friseur\/wp-content\/uploads\/2026\/04\/hair-salon-12.jpg\" width=\"800\" height=\"280\" srcset=\"https:\/\/www.ml-webdienst.de\/friseur\/wp-content\/uploads\/2026\/04\/hair-salon-12.jpg 800w, https:\/\/www.ml-webdienst.de\/friseur\/wp-content\/uploads\/2026\/04\/hair-salon-12-480x168.jpg 480w\" sizes=\"(min-width: 0px) and (max-width: 480px) 480px, (min-width: 481px) 800px, 100vw\" class=\"wp-image-47\" title=\"hair-salon-12\" \/><\/span><\/div>\n<\/div>\n\n<div class=\"et_pb_column_inner_2 et_pb_column_inner et_pb_column et_pb_column_1_6 et-last-child et_block_column et_pb_column_empty et_pb_css_mix_blend_mode_passthrough\"><\/div>\n<\/div>\n<\/div>\n<\/div><\/div>\n\n<div class=\"et_pb_section_1 et_pb_section et_section_regular et_flex_section\">\n<div class=\"et_pb_row_0 et_pb_row et_flex_row\">\n<div class=\"et_pb_column_2 et_pb_column et_flex_column et_pb_css_mix_blend_mode_passthrough et_flex_column_12_24 et_flex_column_12_24_tablet et_flex_column_24_24_phone\">\n<div class=\"et_pb_text_2 et_pb_text et_pb_bg_layout_light et_pb_module et_flex_module\"><div class=\"et_pb_text_inner\"><h2>Damen<\/h2>\n<p>&nbsp;<\/p>\n<h3>Schneiden &amp; Frisieren<\/h3>\n<p><strong>Pony: <\/strong><span>11,00 \u20ac<\/span><\/p>\n<p><strong>Waschen, Schneiden, selber F\u00f6hnen: <\/strong><span>39,00 \u20ac<\/span><\/p>\n<p><strong>Neuschnitt inkl. Haarw\u00e4sche: <\/strong><span>43,00 \u20ac<\/span><\/p>\n<p><strong>Waschen, Schneiden, Legen oder F\u00f6hnen:<\/strong><span> 55,00 \u20ac<\/span><\/p>\n<p><strong>Waschen, Legen oder F\u00f6hnen:<\/strong><span> 32,00 \u20ac<\/span><\/p>\n<p><strong>Haargl\u00e4ttung:<\/strong><span> 29,00 \u20ac<\/span><\/p>\n<p><strong>Haarw\u00e4sche: <\/strong><span>6,00 \u20ac<\/span><\/p>\n<p><strong>Intensivkur: <\/strong><span>13,00 \u20ac<\/span><\/p>\n<p><strong>Detox Maske: <\/strong><span>ab 20,00 \u20ac<\/span><\/p>\n<h3><\/h3>\n<h3>Dauerwellen *<\/h3>\n<p><strong>Classic-Dauerwelle: <\/strong><span>75,00 \u20ac<\/span><\/p>\n<p><strong>Volumenwelle: <\/strong><span>55,00 \u20ac<\/span><\/p>\n<h3><\/h3>\n<h3>F\u00e4rben &amp; T\u00f6nen *<\/h3>\n<p><strong>Ansatzf\u00e4rbung: <\/strong><span>42,00 \u20ac<\/span><\/p>\n<p><strong>Ansatzf\u00e4rbung mit Farbauffrischung: <\/strong><span>52,00 \u20ac<\/span><\/p>\n<p><strong>Neuf\u00e4rbung: <\/strong><span>61,00 \u20ac<\/span><\/p>\n<p><strong>T\u00f6nung: <\/strong><span>34,50 \u20ac<\/span><\/p>\n<p><strong>Intensiv-T\u00f6nung: <\/strong><span>40,50 \u20ac<\/span><\/p>\n<p><strong>Bayalage: <\/strong><span>ab 290,00 \u20ac<\/span><\/p>\n<p><strong>Folienstr\u00e4hnen:<\/strong><span> 89,00 \u20ac\u00a0<\/span><\/p>\n<p><strong>Folienstr\u00e4hnen, Oberkopf: <\/strong><span>69,00 \u20ac<\/span><\/p>\n<p><strong>Kammstr\u00e4hnen: <\/strong><span>37,00 \u20ac<\/span><\/p>\n<p><strong>Blondierw\u00e4sche: <\/strong><span>29,00 \u20ac<\/span><\/p>\n<h3><\/h3>\n<h3>Perfect Eyes<\/h3>\n<p><strong>Augenbrauen formen: <\/strong><span>11,00 \u20ac<\/span><\/p>\n<p><strong>Augenbrauen f\u00e4rben: <\/strong><span>12,00 \u20ac<\/span><\/p>\n<p><strong>Wimpern f\u00e4rben: <\/strong><span>14,00 \u20ac<\/span><\/p>\n<p><strong>Perfect Eyes (Augenbrauen formen, f\u00e4rben &amp; Wimpern f\u00e4rben): <\/strong><span>33,00 \u20ac<\/span><\/p>\n<\/div><\/div>\n<\/div>\n\n<div class=\"et_pb_column_3 et_pb_column et-last-child et_flex_column et_pb_css_mix_blend_mode_passthrough et_flex_column_12_24 et_flex_column_12_24_tablet et_flex_column_24_24_phone\">\n<div class=\"et_pb_text_3 et_pb_text et_pb_bg_layout_light et_pb_module et_flex_module\"><div class=\"et_pb_text_inner\"><h2>Herren<\/h2>\n<h3><\/h3>\n<h3>Schneiden<\/h3>\n<p><strong>Waschen, Schneiden, F\u00f6hnen: <\/strong><span>29,00 \u20ac<\/span><\/p>\n<p><strong>Maschinenhaarschnitt, 2 L\u00e4ngen: <\/strong><span>18,00 \u20ac<\/span><\/p>\n<p><strong>Buzzcut mit \u00dcbergang: <\/strong><span>24,00 \u20ac<\/span><\/p>\n<p><strong>Neuschnitt: <\/strong><span>34,00 \u20ac<\/span><\/p>\n<p><strong>Haarw\u00e4sche: <\/strong><span>5,00 \u20ac<\/span><\/p>\n<p><strong>Kopfmassage: <\/strong><span>8,00 \u20ac<\/span><\/p>\n<h3><\/h3>\n<h3>F\u00e4rben, T\u00f6nen, Graukaschieren *<\/h3>\n<p><strong>Jede Farbver\u00e4nderung: <\/strong><span>36,00 \u20ac<\/span><\/p>\n<p><strong>Graukaschierung: <\/strong><span>24,00 \u20ac<\/span><\/p>\n<p><strong>Bart f\u00e4rben: <\/strong><span>14,00 \u20ac<\/span><\/p>\n<h3><\/h3>\n<h3>Bartpflege<\/h3>\n<p><strong>Bart stutzen: <\/strong><span>14,00 \u20ac<\/span><\/p>\n<p><strong>Nassrasur: <\/strong><span>19,00 \u20ac<\/span><\/p>\n<h3><\/h3>\n<h3>All inclusive Paket<\/h3>\n<p><strong>Waschen, Schneiden, F\u00f6hnen, Augenbrauen formen &amp; Bart stutzen: <\/strong><span>51,00 \u20ac<\/span><\/p>\n<\/div><\/div>\n\n<div class=\"et_pb_text_4 et_pb_text et_pb_bg_layout_light et_pb_module et_flex_module\"><div class=\"et_pb_text_inner\"><h2>Kinder<\/h2>\n<h3><\/h3>\n<h3>bis einschlie\u00dflich 6 Jahre<\/h3>\n<p><strong>Pony: <\/strong><span>7,00 \u20ac<\/span><\/p>\n<p><strong>Trockenschnitt: <\/strong><span>18,00 \u20ac<\/span><\/p>\n<p><strong>Waschen, Schneiden, F\u00f6hnen: <\/strong><span>26,00 \u20ac<\/span><\/p>\n<p><strong>Neuschnitt: <\/strong><span>30,00 \u20ac<\/span><\/p>\n<h3><\/h3>\n<h3>bis einschlie\u00dflich 12 Jahre<\/h3>\n<p><strong>Pony: <\/strong><span>8,00 \u20ac<\/span><\/p>\n<p><strong>Trockenschnitt: <\/strong><span>22,00 \u20ac<\/span><\/p>\n<p><strong>Waschen, Schneiden, F\u00f6hnen: <\/strong><span>28,50 \u20ac<\/span><\/p>\n<p><strong>Neuschnitt: <\/strong><span>31,00 \u20ac<\/span><\/p>\n<\/div><\/div>\n<\/div>\n<\/div>\n\n<div class=\"et_pb_row_1 et_pb_row et_flex_row\">\n<div class=\"et_pb_column_4 et_pb_column et-last-child et_flex_column et_pb_css_mix_blend_mode_passthrough et_flex_column_24_24 et_flex_column_24_24_tablet et_flex_column_24_24_phone\">\n<div class=\"et_pb_text_5 et_pb_text et_pb_bg_layout_light et_pb_module et_flex_module\"><div class=\"et_pb_text_inner\"><p><strong>* Preisaufschl\u00e4ge je nach Aufwand und Materialverbrauch<\/strong><\/p>\n<\/div><\/div>\n<\/div>\n<\/div>\n<\/div>\n\n<div class=\"et_pb_section_2 et_pb_section et_section_regular et_block_section\">\n<div class=\"et_pb_row_2 et_pb_row et_pb_row_1-2_1-4_1-4 et_block_row et_block_row_1-2_1-4_1-4\">\n<div class=\"et_pb_column_5 et_pb_column et_pb_column_1_2 et_block_column et_pb_css_mix_blend_mode_passthrough\">\n<div class=\"et_pb_text_6 et_pb_text et_pb_bg_layout_light et_pb_module et_block_module preset--module--divi-text--e6504a1b-67eb-4b3d-b023-bcab277610b6\"><div class=\"et_pb_text_inner\"><h4>Angebot<\/h4>\n<\/div><\/div>\n\n<div class=\"et_pb_text_7 et_pb_text et_pb_bg_layout_light et_pb_module et_block_module preset--module--divi-text--b327cbe4-b1d5-4b66-ad37-40c8f2f061ba\"><div class=\"et_pb_text_inner\"><h2>Hochzeitssaison Spezial<\/h2>\n<\/div><\/div>\n\n<div class=\"et_pb_text_8 et_pb_text et_pb_bg_layout_light et_pb_module et_block_module preset--module--divi-text--4827deed-2a92-4d97-a22f-f01067ae6873\"><div class=\"et_pb_text_inner\"><ul>\n<li>Textur &amp; Behandlungen<\/li>\n<li>Haarf\u00e4rbung<\/li>\n<li>Haarschnitt &amp; Styling<\/li>\n<li>Haarverl\u00e4ngerung<\/li>\n<li>Haargl\u00e4ttung<\/li>\n<\/ul>\n<\/div><\/div>\n\n<div class=\"et_pb_module et_pb_button_module_wrapper et_pb_button_1_wrapper preset--module--divi-button--31b4f027-aaa0-4f2f-ae02-959764e19e4f_wrapper\"><a class=\"et_pb_button_1 et_pb_button et_pb_bg_layout_light et_pb_module et_block_module preset--module--divi-button--31b4f027-aaa0-4f2f-ae02-959764e19e4f\" href=\"\/friseur\/kontakt\">Unverbindlich Anfragen<\/a><\/div>\n<\/div>\n\n<div class=\"et_pb_column_6 et_pb_column et_pb_column_1_4 et_block_column et_pb_css_mix_blend_mode_passthrough\">\n<div class=\"et_pb_divider_0 et_pb_divider_hidden et_pb_space et_pb_divider_position_top et_pb_module\"><div class=\"et_pb_divider_internal\"><\/div><\/div>\n\n<div class=\"et_pb_image_5 et_pb_image et_pb_module et_block_module\"><span class=\"et_pb_image_wrap\"><img loading=\"lazy\" decoding=\"async\" src=\"https:\/\/www.ml-webdienst.de\/friseur\/wp-content\/uploads\/2026\/04\/hair-salon-35.jpg\" width=\"800\" height=\"1280\" srcset=\"https:\/\/www.ml-webdienst.de\/friseur\/wp-content\/uploads\/2026\/04\/hair-salon-35.jpg 800w, https:\/\/www.ml-webdienst.de\/friseur\/wp-content\/uploads\/2026\/04\/hair-salon-35-480x768.jpg 480w\" sizes=\"(min-width: 0px) and (max-width: 480px) 480px, (min-width: 481px) 800px, 100vw\" class=\"wp-image-58\" title=\"hair-salon-35\" \/><\/span><\/div>\n<\/div>\n\n<div class=\"et_pb_column_7 et_pb_column et_pb_column_1_4 et-last-child et_block_column et_pb_css_mix_blend_mode_passthrough\">\n<div class=\"et_pb_image_6 et_pb_image et_pb_module et_block_module\"><span class=\"et_pb_image_wrap\"><img loading=\"lazy\" decoding=\"async\" src=\"https:\/\/www.ml-webdienst.de\/friseur\/wp-content\/uploads\/2026\/04\/friseur_bild7-1024x683.jpg\" title=\"friseur_bild7\" width=\"1024\" height=\"683\" srcset=\"https:\/\/www.ml-webdienst.de\/friseur\/wp-content\/uploads\/2026\/04\/friseur_bild7-980x653.jpg 980w, https:\/\/www.ml-webdienst.de\/friseur\/wp-content\/uploads\/2026\/04\/friseur_bild7-480x320.jpg 480w\" sizes=\"(min-width: 0px) and (max-width: 480px) 480px, (min-width: 481px) and (max-width: 980px) 980px, (min-width: 981px) 1024px, 100vw\" class=\"wp-image-156\" \/><\/span><\/div>\n<\/div>\n<\/div>\n<\/div>\n\n<div class=\"et_pb_section_3 et_pb_section et_section_regular et_block_section et_pb_section_parallax\"><span class=\"et-pb-parallax-wrapper\"><span class=\"et-pb-parallax-background et-pb-parallax-background-module--divi-section-3\" style=\"background-image:url(https:\/\/www.ml-webdienst.de\/friseur\/wp-content\/uploads\/2026\/04\/hair-salon-13.jpg)\"><\/span><span class=\"et_parallax_gradient\" style=\"background-image:linear-gradient(90deg, rgba(0,0,0,0.7) 19%,hsl(from #ffd362 calc(h + 0) calc(s + 0) calc(l + 0) \/ 0.5) 100%)\"><\/span><\/span>\n<div class=\"et_pb_row_3 et_pb_row et_block_row\">\n<div class=\"et_pb_column_8 et_pb_column et_pb_column_2_3 et_block_column et_pb_css_mix_blend_mode_passthrough\">\n<div class=\"et_pb_text_9 et_pb_text et_pb_bg_layout_light et_pb_module et_block_module preset--module--divi-text--ab659073-ab20-4181-b9e2-9a836703fb3b\"><div class=\"et_pb_text_inner\"><p>Dein perfekter Style wartet auf dich<\/p>\n<\/div><\/div>\n\n<div class=\"et_pb_module et_pb_button_module_wrapper et_pb_button_2_wrapper\"><a class=\"et_pb_button_2 et_pb_button et_pb_bg_layout_light et_pb_module et_flex_module\" href=\"\/friseur\/kontakt\">Jetzt Termin Buchen<\/a><\/div>\n<\/div>\n\n<div class=\"et_pb_column_9 et_pb_column et_pb_column_1_3 et-last-child et_block_column et_pb_column_empty et_pb_css_mix_blend_mode_passthrough\"><\/div>\n<\/div>\n<\/div>","protected":false},"excerpt":{"rendered":"","protected":false},"author":1,"featured_media":0,"parent":0,"menu_order":2,"comment_status":"closed","ping_status":"closed","template":"","meta":{"footnotes":""},"class_list":["post-49","page","type-page","status-publish","hentry"],"_links":{"self":[{"href":"https:\/\/www.ml-webdienst.de\/friseur\/wp-json\/wp\/v2\/pages\/49","targetHints":{"allow":["GET"]}}],"collection":[{"href":"https:\/\/www.ml-webdienst.de\/friseur\/wp-json\/wp\/v2\/pages"}],"about":[{"href":"https:\/\/www.ml-webdienst.de\/friseur\/wp-json\/wp\/v2\/types\/page"}],"author":[{"embeddable":true,"href":"https:\/\/www.ml-webdienst.de\/friseur\/wp-json\/wp\/v2\/users\/1"}],"replies":[{"embeddable":true,"href":"https:\/\/www.ml-webdienst.de\/friseur\/wp-json\/wp\/v2\/comments?post=49"}],"version-history":[{"count":13,"href":"https:\/\/www.ml-webdienst.de\/friseur\/wp-json\/wp\/v2\/pages\/49\/revisions"}],"predecessor-version":[{"id":233,"href":"https:\/\/www.ml-webdienst.de\/friseur\/wp-json\/wp\/v2\/pages\/49\/revisions\/233"}],"wp:attachment":[{"href":"https:\/\/www.ml-webdienst.de\/friseur\/wp-json\/wp\/v2\/media?parent=49"}],"curies":[{"name":"wp","href":"https:\/\/api.w.org\/{rel}","templated":true}]}}