{"id":565,"date":"2024-02-16T16:50:35","date_gmt":"2024-02-16T16:50:35","guid":{"rendered":"https:\/\/www.ml-webdienst.de\/waldfried\/?page_id=565"},"modified":"2024-08-11T14:02:50","modified_gmt":"2024-08-11T14:02:50","slug":"ausstattung","status":"publish","type":"page","link":"https:\/\/www.ml-webdienst.de\/ferienwohnung\/ausstattung\/","title":{"rendered":"Ausstattung"},"content":{"rendered":"<p>[et_pb_section fb_built=&#8220;1&#8243; admin_label=&#8220;Ausstattung&#8220; _builder_version=&#8220;4.24.0&#8243; _module_preset=&#8220;default&#8220; global_colors_info=&#8220;{}&#8220;][et_pb_row admin_label=&#8220;Wohnbereich&#8220; _builder_version=&#8220;4.24.0&#8243; _module_preset=&#8220;default&#8220; global_colors_info=&#8220;{}&#8220;][et_pb_column type=&#8220;4_4&#8243; _builder_version=&#8220;4.24.0&#8243; _module_preset=&#8220;default&#8220; global_colors_info=&#8220;{}&#8220;][et_pb_text admin_label=&#8220;Text&#8220; _builder_version=&#8220;4.27.0&#8243; _module_preset=&#8220;default&#8220; text_font_size=&#8220;16px&#8220; header_2_font=&#8220;|600|||||||&#8220; header_2_text_color=&#8220;#006198&#8243; global_colors_info=&#8220;{}&#8220;]<\/p>\n<h2>Wohnbereich<\/h2>\n<p>Hier beschreiben Sie den Wohnbereich.<\/p>\n<p>Lorem ipsum dolor sit amet, consetetur sadipscing elitr, sed diam nonumy eirmod tempor invidunt ut labore et dolore magna aliquyam erat, sed diam voluptua. At vero eos et accusam et justo duo dolores et ea rebum. Stet clita kasd gubergren, no sea takimata sanctus est Lorem ipsum dolor sit amet.<\/p>\n<p>[\/et_pb_text][et_pb_gallery gallery_ids=&#8220;809,808,805,806&#8243; show_title_and_caption=&#8220;off&#8220; show_pagination=&#8220;off&#8220; zoom_icon_color=&#8220;#006198&#8243; _builder_version=&#8220;4.27.0&#8243; _module_preset=&#8220;default&#8220; hover_enabled=&#8220;0&#8243; box_shadow_style_image=&#8220;preset1&#8243; global_colors_info=&#8220;{}&#8220; sticky_enabled=&#8220;0&#8243;][\/et_pb_gallery][\/et_pb_column][\/et_pb_row][et_pb_row admin_label=&#8220;K\u00fcche &#8211; Essbereich&#8220; _builder_version=&#8220;4.24.0&#8243; _module_preset=&#8220;default&#8220; global_colors_info=&#8220;{}&#8220;][et_pb_column type=&#8220;4_4&#8243; _builder_version=&#8220;4.24.0&#8243; _module_preset=&#8220;default&#8220; global_colors_info=&#8220;{}&#8220;][et_pb_text admin_label=&#8220;Text&#8220; _builder_version=&#8220;4.27.0&#8243; _module_preset=&#8220;default&#8220; text_font_size=&#8220;16px&#8220; header_2_font=&#8220;|600|||||||&#8220; header_2_text_color=&#8220;#006198&#8243; global_colors_info=&#8220;{}&#8220;]<\/p>\n<h2>K\u00fcche und Essbereich<\/h2>\n<p>Hier beschreiben Sie K\u00fcche und Essbereich.<\/p>\n<p>Lorem ipsum dolor sit amet, consetetur sadipscing elitr, sed diam nonumy eirmod tempor invidunt ut labore et dolore magna aliquyam erat, sed diam voluptua. At vero eos et accusam et justo duo dolores et ea rebum. Stet clita kasd gubergren, no sea takimata sanctus est Lorem ipsum dolor sit amet.<\/p>\n<p>[\/et_pb_text][et_pb_gallery gallery_ids=&#8220;809,808,805,806&#8243; show_title_and_caption=&#8220;off&#8220; show_pagination=&#8220;off&#8220; zoom_icon_color=&#8220;#006198&#8243; _builder_version=&#8220;4.27.0&#8243; _module_preset=&#8220;default&#8220; hover_enabled=&#8220;0&#8243; box_shadow_style_image=&#8220;preset1&#8243; global_colors_info=&#8220;{}&#8220; sticky_enabled=&#8220;0&#8243;][\/et_pb_gallery][\/et_pb_column][\/et_pb_row][et_pb_row admin_label=&#8220;Badezimmer&#8220; _builder_version=&#8220;4.24.0&#8243; _module_preset=&#8220;default&#8220; global_colors_info=&#8220;{}&#8220;][et_pb_column type=&#8220;4_4&#8243; _builder_version=&#8220;4.24.0&#8243; _module_preset=&#8220;default&#8220; global_colors_info=&#8220;{}&#8220;][et_pb_text admin_label=&#8220;Text&#8220; _builder_version=&#8220;4.27.0&#8243; _module_preset=&#8220;default&#8220; text_font_size=&#8220;16px&#8220; header_2_font=&#8220;|600|||||||&#8220; header_2_text_color=&#8220;#006198&#8243; global_colors_info=&#8220;{}&#8220;]<\/p>\n<h2>Badezimmer<\/h2>\n<p>Hier beschreiben Sie das Badezimmer.<\/p>\n<p>Lorem ipsum dolor sit amet, consetetur sadipscing elitr, sed diam nonumy eirmod tempor invidunt ut labore et dolore magna aliquyam erat, sed diam voluptua. At vero eos et accusam et justo duo dolores et ea rebum. Stet clita kasd gubergren, no sea takimata sanctus est Lorem ipsum dolor sit amet.<\/p>\n<p>[\/et_pb_text][et_pb_gallery gallery_ids=&#8220;809,808,805,806&#8243; show_title_and_caption=&#8220;off&#8220; show_pagination=&#8220;off&#8220; zoom_icon_color=&#8220;#006198&#8243; _builder_version=&#8220;4.27.0&#8243; _module_preset=&#8220;default&#8220; hover_enabled=&#8220;0&#8243; box_shadow_style_image=&#8220;preset1&#8243; global_colors_info=&#8220;{}&#8220; sticky_enabled=&#8220;0&#8243;][\/et_pb_gallery][\/et_pb_column][\/et_pb_row][et_pb_row admin_label=&#8220;Schlafzimmer 1&#8243; _builder_version=&#8220;4.24.0&#8243; _module_preset=&#8220;default&#8220; global_colors_info=&#8220;{}&#8220;][et_pb_column type=&#8220;4_4&#8243; _builder_version=&#8220;4.24.0&#8243; _module_preset=&#8220;default&#8220; global_colors_info=&#8220;{}&#8220;][et_pb_text admin_label=&#8220;Text&#8220; _builder_version=&#8220;4.27.0&#8243; _module_preset=&#8220;default&#8220; text_font_size=&#8220;16px&#8220; header_2_font=&#8220;|600|||||||&#8220; header_2_text_color=&#8220;#006198&#8243; global_colors_info=&#8220;{}&#8220;]<\/p>\n<h2>Schlafzimmer<\/h2>\n<p>Hier beschreiben Sie das Schlafzimmer.<\/p>\n<p>Im Kleiderschrank finden Sie nicht nur genug Stauraum f\u00fcr Ihr Gep\u00e4ck, sondern auch zus\u00e4tzliche Kissen und Decken. Den Raum k\u00f6nnen Sie durch elektrische Au\u00dfenrollos verdunkeln.<\/p>\n<p>[\/et_pb_text][et_pb_gallery gallery_ids=&#8220;809,808,805,806&#8243; show_title_and_caption=&#8220;off&#8220; show_pagination=&#8220;off&#8220; zoom_icon_color=&#8220;#006198&#8243; _builder_version=&#8220;4.27.0&#8243; _module_preset=&#8220;default&#8220; hover_enabled=&#8220;0&#8243; box_shadow_style_image=&#8220;preset1&#8243; global_colors_info=&#8220;{}&#8220; sticky_enabled=&#8220;0&#8243;][\/et_pb_gallery][\/et_pb_column][\/et_pb_row][et_pb_row admin_label=&#8220;Garten&#8220; _builder_version=&#8220;4.24.0&#8243; _module_preset=&#8220;default&#8220; global_colors_info=&#8220;{}&#8220;][et_pb_column type=&#8220;4_4&#8243; _builder_version=&#8220;4.24.0&#8243; _module_preset=&#8220;default&#8220; global_colors_info=&#8220;{}&#8220;][et_pb_text admin_label=&#8220;Text&#8220; _builder_version=&#8220;4.27.0&#8243; _module_preset=&#8220;default&#8220; text_font_size=&#8220;16px&#8220; header_2_font=&#8220;|600|||||||&#8220; header_2_text_color=&#8220;#006198&#8243; global_colors_info=&#8220;{}&#8220;]<\/p>\n<h2>Garten und Terrasse<\/h2>\n<p>Hier beschreiben Sie den Aussenbereich.<\/p>\n<p>Im Kleiderschrank finden Sie nicht nur genug Stauraum f\u00fcr Ihr Gep\u00e4ck, sondern auch zus\u00e4tzliche Kissen und Decken. Den Raum k\u00f6nnen Sie durch elektrische Au\u00dfenrollos verdunkeln.<\/p>\n<p>[\/et_pb_text][et_pb_gallery gallery_ids=&#8220;809,808,805,806&#8243; show_title_and_caption=&#8220;off&#8220; show_pagination=&#8220;off&#8220; zoom_icon_color=&#8220;#006198&#8243; _builder_version=&#8220;4.27.0&#8243; _module_preset=&#8220;default&#8220; hover_enabled=&#8220;0&#8243; box_shadow_style_image=&#8220;preset1&#8243; global_colors_info=&#8220;{}&#8220; sticky_enabled=&#8220;0&#8243;][\/et_pb_gallery][\/et_pb_column][\/et_pb_row][\/et_pb_section]<\/p>\n","protected":false},"excerpt":{"rendered":"<p>Wohnbereich Hier beschreiben Sie den Wohnbereich. Lorem ipsum dolor sit amet, consetetur sadipscing elitr, sed diam nonumy eirmod tempor invidunt ut labore et dolore magna aliquyam erat, sed diam voluptua. At vero eos et accusam et justo duo dolores et ea rebum. Stet clita kasd gubergren, no sea takimata sanctus est Lorem ipsum dolor sit [&hellip;]<\/p>\n","protected":false},"author":1,"featured_media":783,"parent":0,"menu_order":2,"comment_status":"closed","ping_status":"closed","template":"","meta":{"_et_pb_use_builder":"on","_et_pb_old_content":"","_et_gb_content_width":"","footnotes":""},"class_list":["post-565","page","type-page","status-publish","has-post-thumbnail","hentry"],"_links":{"self":[{"href":"https:\/\/www.ml-webdienst.de\/ferienwohnung\/wp-json\/wp\/v2\/pages\/565","targetHints":{"allow":["GET"]}}],"collection":[{"href":"https:\/\/www.ml-webdienst.de\/ferienwohnung\/wp-json\/wp\/v2\/pages"}],"about":[{"href":"https:\/\/www.ml-webdienst.de\/ferienwohnung\/wp-json\/wp\/v2\/types\/page"}],"author":[{"embeddable":true,"href":"https:\/\/www.ml-webdienst.de\/ferienwohnung\/wp-json\/wp\/v2\/users\/1"}],"replies":[{"embeddable":true,"href":"https:\/\/www.ml-webdienst.de\/ferienwohnung\/wp-json\/wp\/v2\/comments?post=565"}],"version-history":[{"count":5,"href":"https:\/\/www.ml-webdienst.de\/ferienwohnung\/wp-json\/wp\/v2\/pages\/565\/revisions"}],"predecessor-version":[{"id":830,"href":"https:\/\/www.ml-webdienst.de\/ferienwohnung\/wp-json\/wp\/v2\/pages\/565\/revisions\/830"}],"wp:featuredmedia":[{"embeddable":true,"href":"https:\/\/www.ml-webdienst.de\/ferienwohnung\/wp-json\/wp\/v2\/media\/783"}],"wp:attachment":[{"href":"https:\/\/www.ml-webdienst.de\/ferienwohnung\/wp-json\/wp\/v2\/media?parent=565"}],"curies":[{"name":"wp","href":"https:\/\/api.w.org\/{rel}","templated":true}]}}