{"id":242,"date":"2024-02-11T15:59:41","date_gmt":"2024-02-11T15:59:41","guid":{"rendered":"https:\/\/www.ml-webdienst.de\/waldfried\/?page_id=242"},"modified":"2024-08-11T12:40:12","modified_gmt":"2024-08-11T12:40:12","slug":"preise-belegung","status":"publish","type":"page","link":"https:\/\/www.ml-webdienst.de\/ferienwohnung\/preise-belegung\/","title":{"rendered":"Preise \/ Belegung"},"content":{"rendered":"<p>[et_pb_section fb_built=&#8220;1&#8243; _builder_version=&#8220;4.24.0&#8243; _module_preset=&#8220;default&#8220; custom_padding=&#8220;18px|||||&#8220; global_colors_info=&#8220;{}&#8220;][et_pb_row column_structure=&#8220;1_3,1_3,1_3&#8243; make_equal=&#8220;on&#8220; _builder_version=&#8220;4.24.0&#8243; _module_preset=&#8220;default&#8220; custom_padding=&#8220;||38px|||&#8220; global_colors_info=&#8220;{}&#8220;][et_pb_column type=&#8220;1_3&#8243; _builder_version=&#8220;4.24.0&#8243; _module_preset=&#8220;default&#8220; background_color=&#8220;#006198&#8243; box_shadow_style=&#8220;preset2&#8243; global_colors_info=&#8220;{}&#8220;][et_pb_text _builder_version=&#8220;4.24.0&#8243; _module_preset=&#8220;default&#8220; text_text_color=&#8220;#FFFFFF&#8220; text_font_size=&#8220;17px&#8220; header_text_color=&#8220;#FFFFFF&#8220; header_2_text_color=&#8220;#FFFFFF&#8220; header_2_font_size=&#8220;30px&#8220; header_3_text_color=&#8220;#FFFFFF&#8220; header_3_font_size=&#8220;23px&#8220; header_3_line_height=&#8220;1.3em&#8220; background_enable_color=&#8220;off&#8220; custom_padding=&#8220;15px|15px||15px|false|true&#8220; global_colors_info=&#8220;{}&#8220;]<\/p>\n<h2>Preise<\/h2>\n<h3><\/h3>\n<h3>1 \u2013 2 Personen: 60 \u20ac<br \/>3 \u2013 4 Personen: 70 \u20ac<\/h3>\n<p>&nbsp;<\/p>\n<ul>\n<li>Der gesamte Mietpreis ist bei Anreise zu begleichen.<\/li>\n<\/ul>\n<p>[\/et_pb_text][\/et_pb_column][et_pb_column type=&#8220;1_3&#8243; _builder_version=&#8220;4.24.0&#8243; _module_preset=&#8220;default&#8220; background_color=&#8220;#006198&#8243; box_shadow_style=&#8220;preset2&#8243; global_colors_info=&#8220;{}&#8220;][et_pb_text _builder_version=&#8220;4.24.0&#8243; _module_preset=&#8220;default&#8220; text_text_color=&#8220;#FFFFFF&#8220; header_text_color=&#8220;#FFFFFF&#8220; header_2_text_color=&#8220;#FFFFFF&#8220; background_enable_color=&#8220;off&#8220; custom_padding=&#8220;15px|15px||15px|false|true&#8220; global_colors_info=&#8220;{}&#8220;]<\/p>\n<ul>\n<li>Die Preise verstehen sich inklusive Bettw\u00e4sche, Handt\u00fccher, Endreinigung sowie Heizung, Strom und Wasser.<\/li>\n<li>G\u00e4stebeitrag pro vollj\u00e4hriger Person\/pro \u00dcbernachtung liegt bei 2,30 \u20ac, der bei uns zu bezahlen ist.<\/li>\n<li>Kinder bis 3 Jahren \u00fcbernachten kostenlos.<\/li>\n<\/ul>\n<p>[\/et_pb_text][\/et_pb_column][et_pb_column type=&#8220;1_3&#8243; _builder_version=&#8220;4.24.0&#8243; _module_preset=&#8220;default&#8220; background_color=&#8220;#006198&#8243; box_shadow_style=&#8220;preset2&#8243; global_colors_info=&#8220;{}&#8220;][et_pb_text _builder_version=&#8220;4.24.0&#8243; _module_preset=&#8220;default&#8220; text_text_color=&#8220;#FFFFFF&#8220; header_text_color=&#8220;#FFFFFF&#8220; header_2_text_color=&#8220;#FFFFFF&#8220; header_2_font_size=&#8220;30px&#8220; background_enable_color=&#8220;off&#8220; custom_padding=&#8220;15px|15px||15px|false|true&#8220; global_colors_info=&#8220;{}&#8220;]<\/p>\n<h2>Bedingungen<\/h2>\n<ul>\n<li>Anreise ab 15 Uhr oder nach Vereinbarung.<\/li>\n<li>Abreise bis 11 Uhr.<\/li>\n<li>in der Wohnung darf nicht geraucht werden.<\/li>\n<li>Haustiere sind leider nicht m\u00f6glich.<\/li>\n<\/ul>\n<p>[\/et_pb_text][\/et_pb_column][\/et_pb_row][et_pb_row _builder_version=&#8220;4.24.0&#8243; _module_preset=&#8220;default&#8220; global_colors_info=&#8220;{}&#8220;][et_pb_column type=&#8220;4_4&#8243; _builder_version=&#8220;4.24.0&#8243; _module_preset=&#8220;default&#8220; global_colors_info=&#8220;{}&#8220;][et_pb_button button_url=&#8220;@ET-DC@eyJkeW5hbWljIjp0cnVlLCJjb250ZW50IjoicG9zdF9saW5rX3VybF9wYWdlIiwic2V0dGluZ3MiOnsicG9zdF9pZCI6IjQzIn19@&#8220; button_text=&#8220;Unverbindlich anfragen&#8220; button_alignment=&#8220;center&#8220; _builder_version=&#8220;4.24.0&#8243; _dynamic_attributes=&#8220;button_url&#8220; _module_preset=&#8220;default&#8220; animation_style=&#8220;bounce&#8220; animation_duration=&#8220;1250ms&#8220; global_colors_info=&#8220;{}&#8220;][\/et_pb_button][\/et_pb_column][\/et_pb_row][et_pb_row _builder_version=&#8220;4.24.0&#8243; _module_preset=&#8220;default&#8220; width=&#8220;95%&#8220; global_colors_info=&#8220;{}&#8220;][et_pb_column type=&#8220;4_4&#8243; _builder_version=&#8220;4.24.0&#8243; _module_preset=&#8220;default&#8220; global_colors_info=&#8220;{}&#8220;][et_pb_text _builder_version=&#8220;4.24.0&#8243; _module_preset=&#8220;default&#8220; header_2_font=&#8220;|600|||||||&#8220; header_2_text_color=&#8220;#006198&#8243; header_2_font_size=&#8220;30px&#8220; global_colors_info=&#8220;{}&#8220;]<\/p>\n<h2>Belegungsplan<\/h2>\n<p>[\/et_pb_text][et_pb_code _builder_version=&#8220;4.27.0&#8243; _module_preset=&#8220;default&#8220; global_colors_info=&#8220;{}&#8220;]<iframe id=\"blk1\" width=\"100%\" height=\"700\" frameborder=\"0\" loading=\"lazy\" referrerpolicy=\"no-referrer-when-downgrade\" src=\"https:\/\/api.belegungskalender-kostenlos.de\/kalender.php?kid=1\" title=\"Belegungskalender 1\"><pee>Ihr Browser kann den Kalender leider nicht direkt anzeigen, klicken Sie bitte <b><a href=\"https:\/\/api.belegungskalender-kostenlos.de\/kalender.php?kid=1\">hier<\/a><\/b><\/pee><\/iframe><!\u2013- [et_pb_br_holder] -\u2013><span style=\"font-size:9px;\"><a href=\"https:\/\/www.belegungskalender-kostenlos.de\" rel=\"nofollow noopener\" target=\"_blank\" style=\"font-size:9px;\">Belegungs Kalender<\/a><\/span>[\/et_pb_code][\/et_pb_column][\/et_pb_row][\/et_pb_section]<\/p>\n","protected":false},"excerpt":{"rendered":"<p>Preise 1 \u2013 2 Personen: 60 \u20ac3 \u2013 4 Personen: 70 \u20ac &nbsp; Der gesamte Mietpreis ist bei Anreise zu begleichen. Die Preise verstehen sich inklusive Bettw\u00e4sche, Handt\u00fccher, Endreinigung sowie Heizung, Strom und Wasser. G\u00e4stebeitrag pro vollj\u00e4hriger Person\/pro \u00dcbernachtung liegt bei 2,30 \u20ac, der bei uns zu bezahlen ist. Kinder bis 3 Jahren \u00fcbernachten kostenlos. [&hellip;]<\/p>\n","protected":false},"author":1,"featured_media":779,"parent":0,"menu_order":2,"comment_status":"closed","ping_status":"closed","template":"","meta":{"_et_pb_use_builder":"on","_et_pb_old_content":"","_et_gb_content_width":"","footnotes":""},"class_list":["post-242","page","type-page","status-publish","has-post-thumbnail","hentry"],"_links":{"self":[{"href":"https:\/\/www.ml-webdienst.de\/ferienwohnung\/wp-json\/wp\/v2\/pages\/242","targetHints":{"allow":["GET"]}}],"collection":[{"href":"https:\/\/www.ml-webdienst.de\/ferienwohnung\/wp-json\/wp\/v2\/pages"}],"about":[{"href":"https:\/\/www.ml-webdienst.de\/ferienwohnung\/wp-json\/wp\/v2\/types\/page"}],"author":[{"embeddable":true,"href":"https:\/\/www.ml-webdienst.de\/ferienwohnung\/wp-json\/wp\/v2\/users\/1"}],"replies":[{"embeddable":true,"href":"https:\/\/www.ml-webdienst.de\/ferienwohnung\/wp-json\/wp\/v2\/comments?post=242"}],"version-history":[{"count":11,"href":"https:\/\/www.ml-webdienst.de\/ferienwohnung\/wp-json\/wp\/v2\/pages\/242\/revisions"}],"predecessor-version":[{"id":823,"href":"https:\/\/www.ml-webdienst.de\/ferienwohnung\/wp-json\/wp\/v2\/pages\/242\/revisions\/823"}],"wp:featuredmedia":[{"embeddable":true,"href":"https:\/\/www.ml-webdienst.de\/ferienwohnung\/wp-json\/wp\/v2\/media\/779"}],"wp:attachment":[{"href":"https:\/\/www.ml-webdienst.de\/ferienwohnung\/wp-json\/wp\/v2\/media?parent=242"}],"curies":[{"name":"wp","href":"https:\/\/api.w.org\/{rel}","templated":true}]}}